{"id":3569,"date":"2026-04-01T22:21:19","date_gmt":"2026-04-01T22:21:19","guid":{"rendered":"https:\/\/praxis-khater.de\/?page_id=3569"},"modified":"2026-04-01T22:23:24","modified_gmt":"2026-04-01T22:23:24","slug":"impressum","status":"publish","type":"page","link":"https:\/\/praxis-khater.de\/?page_id=3569","title":{"rendered":"Impressum"},"content":{"rendered":"<div class=\"wpb-content-wrapper\"><p>[vc_row pix_particles_check=&#8221;&#8221;][vc_column][vc_column_text]<\/p>\n<p><span style=\"color: #000000;\"><strong>Praxis MUDr. Ahmad Khater<\/strong><\/span><br \/><span style=\"color: #000000;\">Schumannstra\u00dfe 4-6<\/span><br \/><span style=\"color: #000000;\">09648 Mittweida<\/span><\/p>\n<p><span style=\"color: #000000;\"><\/span><\/p>\n<p><span style=\"color: #000000;\">Telefon: <span style=\"color: #0000ff;\"><a style=\"color: #0000ff;\" href=\"tel:037275034100\">037275034100<\/a><\/span><\/span><\/p>\n<p><span style=\"color: #000000;\">E-mail: <span style=\"color: #0000ff;\">info@praxis-khater.de<\/span><\/span><\/p>\n<p><strong><span style=\"color: #000000;\">F\u00fcr Anfragen oder Terminvereinbarungen kontaktieren Sie uns bitte per E-Mail, telefonisch oder online.<\/span><\/strong><\/p>\n<p><span style=\"color: #000000;\"><\/span><\/p>\n<p><span style=\"color: #000000;\">Inhaltlich verantwortlich gem\u00e4\u00df \u00a7 55 Abs. 2 RStV und TMG:<\/span><br \/><span style=\"color: #000000;\">MUDr. Ahmad Khater<\/span><\/p>\n<p><span style=\"color: #000000;\"><\/span><\/p>\n<p><span style=\"color: #000000;\"><strong>Zust\u00e4ndige Landes\u00e4rztekammer<\/strong><\/span><\/p>\n<p><span style=\"color: #000000;\"><\/span><\/p>\n<p><span style=\"color: #000000;\">S\u00e4chsische Landes\u00e4rztekammer | K\u00f6rperschaft des \u00f6ffentlichen Rechts<\/span><br \/><span style=\"color: #000000;\">Sch\u00fctzenh\u00f6he 16<\/span><br \/><span style=\"color: #000000;\">01099 Dresden<\/span><br \/><span style=\"color: #000000;\">Web-Adresse:\u00a0<span style=\"color: #0000ff;\"><a style=\"color: #0000ff;\" href=\"https:\/\/www.slaek.de\/\">https:\/\/www.slaek.de\/<\/a><\/span><\/span><\/p>\n<p><span style=\"color: #000000;\"><\/span><\/p>\n<p><span style=\"color: #000000;\"><strong>Zust\u00e4ndige Kassen\u00e4rztliche Vereinigung<\/strong><\/span><\/p>\n<p><span style=\"color: #000000;\"><\/span><\/p>\n<p><span style=\"color: #000000;\">Kassen\u00e4rztliche Vereinigung Sachsen<\/span><br \/><span style=\"color: #000000;\">Sch\u00fctzenh\u00f6he 12<\/span><br \/><span style=\"color: #000000;\">01099 Dresden<\/span><\/p>\n<p><span style=\"color: #000000;\"><\/span><\/p>\n<p><span style=\"color: #000000;\">Telefon: 0351-829050<\/span><br \/><span style=\"color: #000000;\">Telefax: 0351-8290563<\/span><br \/><span style=\"color: #000000;\">Web-Adresse:\u00a0<span style=\"color: #0000ff;\"><a style=\"color: #0000ff;\" href=\"https:\/\/www.kvs-sachsen.de\/\">https:\/\/www.kvs-sachsen.de<\/a><\/span><\/span><\/p>\n<p><span style=\"color: #000000;\"><\/span><\/p>\n<p><span style=\"color: #000000;\">Bezirksgesch\u00e4ftsstelle Chemnitz Telefon: 0371 27890<\/span><br \/><span style=\"color: #000000;\">Email: <span style=\"color: #0000ff;\">chemnitz@kvs-sachsen.de<\/span><\/span><\/p>\n<p><span style=\"color: #000000;\"><\/span><\/p>\n<p><span style=\"color: #000000;\"><strong>Berufsordnung<\/strong><\/span><\/p>\n<p><span style=\"color: #000000;\"><\/span><\/p>\n<p><span style=\"color: #000000;\"><span style=\"color: #0000ff;\"><a style=\"color: #0000ff;\" href=\"https:\/\/www.slaek.de\/de\/05\/aufgaben\/Berufsordnung.php\">https:\/\/www.slaek.de\/de\/05\/aufgaben\/Berufsordnung.php<\/a><\/span><\/span><\/p>\n<p><strong><span style=\"color: #000000;\">Verbraucher\u00adstreit\u00adbeilegung\/Universal\u00adschlichtungs\u00adstelle<\/span><\/strong><br \/><span style=\"color: #000000;\">Wir sind nicht bereit oder verpflichtet, an Streitbeilegungsverfahren vor einer Verbraucherschlichtungsstelle teilzunehmen<\/span><\/p>\n<p><span style=\"color: #000000;\"><\/span><\/p>\n<p>\u00a0<\/p>\n<p>[\/vc_column_text][\/vc_column][\/vc_row]<\/p>\n<\/div>","protected":false},"excerpt":{"rendered":"[vc_row pix_particles_check=&#8221;&#8221;][vc_column][vc_column_text] Praxis MUDr. Ahmad KhaterSchumannstra\u00dfe 4-609648 Mittweida Telefon: 037275034100 E-mail: info@praxis-khater.de F\u00fcr Anfragen oder Terminvereinbarungen kontaktieren Sie uns bitte per E-Mail, telefonisch oder online. Inhaltlich verantwortlich gem\u00e4\u00df \u00a7 55 Abs. 2 RStV und TMG:MUDr. Ahmad Khater Zust\u00e4ndige Landes\u00e4rztekammer S\u00e4chsische&#8230;","protected":false},"author":2,"featured_media":0,"parent":0,"menu_order":0,"comment_status":"closed","ping_status":"closed","template":"","meta":{"footnotes":""},"class_list":["post-3569","page","type-page","status-publish","hentry"],"_links":{"self":[{"href":"https:\/\/praxis-khater.de\/index.php?rest_route=\/wp\/v2\/pages\/3569","targetHints":{"allow":["GET"]}}],"collection":[{"href":"https:\/\/praxis-khater.de\/index.php?rest_route=\/wp\/v2\/pages"}],"about":[{"href":"https:\/\/praxis-khater.de\/index.php?rest_route=\/wp\/v2\/types\/page"}],"author":[{"embeddable":true,"href":"https:\/\/praxis-khater.de\/index.php?rest_route=\/wp\/v2\/users\/2"}],"replies":[{"embeddable":true,"href":"https:\/\/praxis-khater.de\/index.php?rest_route=%2Fwp%2Fv2%2Fcomments&post=3569"}],"version-history":[{"count":13,"href":"https:\/\/praxis-khater.de\/index.php?rest_route=\/wp\/v2\/pages\/3569\/revisions"}],"predecessor-version":[{"id":3583,"href":"https:\/\/praxis-khater.de\/index.php?rest_route=\/wp\/v2\/pages\/3569\/revisions\/3583"}],"wp:attachment":[{"href":"https:\/\/praxis-khater.de\/index.php?rest_route=%2Fwp%2Fv2%2Fmedia&parent=3569"}],"curies":[{"name":"wp","href":"https:\/\/api.w.org\/{rel}","templated":true}]}}