{"id":3596,"date":"2026-04-01T22:43:23","date_gmt":"2026-04-01T22:43:23","guid":{"rendered":"https:\/\/praxis-khater.de\/?page_id=3596"},"modified":"2026-04-01T22:43:24","modified_gmt":"2026-04-01T22:43:24","slug":"datenschutz","status":"publish","type":"page","link":"https:\/\/praxis-khater.de\/?page_id=3596","title":{"rendered":"Datenschutz"},"content":{"rendered":"<div class=\"wpb-content-wrapper\"><p>[vc_row pix_particles_check=&#8221;&#8221;][vc_column][vc_column_text]<\/p>\n<p><span style=\"color: #000000;\"><\/span><\/p>\n<h1 class=\"wp-block-heading\"><span style=\"color: #000000;\">Datenschutzerkl\u00e4rung<\/span><\/h1>\n<h2 class=\"wp-block-heading\"><span style=\"color: #000000;\">Datenschutz<\/span><\/h2>\n<p><span style=\"color: #000000;\"><\/span><\/p>\n<p><span style=\"color: #000000;\">Die Betreiber dieser Seiten nehmen den Schutz Ihrer pers\u00f6nlichen Daten sehr ernst. Wir behandeln Ihre personenbezogenen Daten vertraulich und entsprechend der gesetzlichen Datenschutzvorschriften sowie dieser Datenschutzerkl\u00e4rung.<\/span><\/p>\n<p><span style=\"color: #000000;\"><\/span><\/p>\n<p><span style=\"color: #000000;\">Die Nutzung unserer Webseite ist in der Regel ohne Angabe personenbezogener Daten m\u00f6glich. Soweit auf unseren Seiten personenbezogene Daten (beispielsweise Name, Anschrift oder E-Mail-Adressen) erhoben werden, erfolgt dies, soweit m\u00f6glich, stets auf freiwilliger Basis. Diese Daten werden ohne Ihre ausdr\u00fcckliche Zustimmung nicht an Dritte weitergegeben.<\/span><\/p>\n<p><span style=\"color: #000000;\"><\/span><\/p>\n<p><span style=\"color: #000000;\">Wir weisen darauf hin, dass die Daten\u00fcbertragung im Internet (z.B. bei der Kommunikation per E-Mail) Sicherheitsl\u00fccken aufweisen kann. Ein l\u00fcckenloser Schutz der Daten vor dem Zugriff durch Dritte ist nicht m\u00f6glich.<\/span><\/p>\n<p><span style=\"color: #000000;\"><\/span><\/p>\n\n<h2 class=\"wp-block-heading\"><span style=\"color: #000000;\">Zugriffsdaten<\/span><\/h2>\n<p><span style=\"color: #000000;\"><\/span><\/p>\n<p><span style=\"color: #000000;\">Wir, der Websitebetreiber bzw. Seitenprovider, erheben aufgrund unseres berechtigten Interesses (s. Art. 6 Abs. 1 lit. f. DSGVO) Daten \u00fcber Zugriffe auf die Website und speichern diese als &#8220;Server-Logfiles&#8221; auf dem Server der Website ab. Folgende Daten werden so protokolliert:<\/span><\/p>\n<p><span style=\"color: #000000;\">Besuchte Website<\/span><\/p>\n<p><span style=\"color: #000000;\">Uhrzeit zum Zeitpunkt des Zugriffs<\/span><\/p>\n<p><span style=\"color: #000000;\">Menge der gesendeten Daten in Byte<\/span><\/p>\n<p><span style=\"color: #000000;\">Quelle\/Verweis, von welchem Sie auf die Seite gelangten<\/span><\/p>\n<p><span style=\"color: #000000;\">Verwendeter Browser<\/span><\/p>\n<p><span style=\"color: #000000;\">Verwendetes Betriebssystem<\/span><\/p>\n<p><span style=\"color: #000000;\">Verwendete IP-Adresse<\/span><\/p>\n<p><span style=\"color: #000000;\"><\/span><\/p>\n<p><span style=\"color: #000000;\"><!-- \/wp:post-content --><\/span><\/p>\n<p><span style=\"color: #000000;\"><!-- wp:paragraph -->Die Server-Logfiles werden f\u00fcr maximal 7 Tage gespeichert und anschlie\u00dfend gel\u00f6scht. Die Speicherung der Daten erfolgt aus Sicherheitsgr\u00fcnden, um z. B. Missbrauchsf\u00e4lle aufkl\u00e4ren zu k\u00f6nnen. M\u00fcssen Daten aus Beweisgr\u00fcnden aufgehoben werden, sind sie solange von der L\u00f6schung ausgenommen bis der Vorfall endg\u00fcltig gekl\u00e4rt ist.<\/span><\/p>\n<p><span style=\"color: #000000;\"><!-- \/wp:paragraph --><\/span><\/p>\n<!-- wp:heading -->\n<h2 class=\"wp-block-heading\"><span style=\"color: #000000;\">Rechte des Nutzers<\/span><\/h2>\n<p><span style=\"color: #000000;\"><!-- \/wp:heading --><\/span><\/p>\n<p><span style=\"color: #000000;\"><!-- wp:paragraph -->Sie haben als Nutzer das Recht, auf Antrag eine kostenlose Auskunft dar\u00fcber zu erhalten, welche personenbezogenen Daten \u00fcber Sie gespeichert wurden. Sie haben au\u00dferdem das Recht auf Berichtigung falscher Daten und auf die Verarbeitungseinschr\u00e4nkung oder L\u00f6schung Ihrer personenbezogenen Daten. Falls zutreffend, k\u00f6nnen Sie auch Ihr Recht auf Datenportabilit\u00e4t geltend machen. Sollten Sie annehmen, dass Ihre Daten unrechtm\u00e4\u00dfig verarbeitet wurden, k\u00f6nnen Sie eine Beschwerde bei der zust\u00e4ndigen Aufsichtsbeh\u00f6rde einreichen.<\/span><\/p>\n<p><span style=\"color: #000000;\"><!-- \/wp:paragraph --><\/span><\/p>\n<!-- wp:heading -->\n<h2 class=\"wp-block-heading\"><span style=\"color: #000000;\">L\u00f6schung von Daten<\/span><\/h2>\n<p><span style=\"color: #000000;\"><!-- \/wp:heading --><\/span><\/p>\n<p><span style=\"color: #000000;\"><!-- wp:paragraph -->Sofern Ihr Wunsch nicht mit einer gesetzlichen Pflicht zur Aufbewahrung von Daten (z. B. Vorratsdatenspeicherung) kollidiert, haben Sie ein Anrecht auf L\u00f6schung Ihrer Daten. Von uns gespeicherte Daten werden, sollten sie f\u00fcr ihre Zweckbestimmung nicht mehr vonn\u00f6ten sein und es keine gesetzlichen Aufbewahrungsfristen geben, gel\u00f6scht. Falls eine L\u00f6schung nicht durchgef\u00fchrt werden kann, da die Daten f\u00fcr zul\u00e4ssige gesetzliche Zwecke erforderlich sind, erfolgt eine Einschr\u00e4nkung der Datenverarbeitung. In diesem Fall werden die Daten gesperrt und nicht f\u00fcr andere Zwecke verarbeitet.<\/span><\/p>\n<p><span style=\"color: #000000;\"><!-- \/wp:paragraph --><\/span><\/p>\n<!-- wp:heading -->\n<h2 class=\"wp-block-heading\"><span style=\"color: #000000;\">Widerspruchsrecht<\/span><\/h2>\n<p><span style=\"color: #000000;\"><!-- \/wp:heading --><\/span><\/p>\n<p><span style=\"color: #000000;\"><!-- wp:paragraph -->Nutzer dieser Webseite k\u00f6nnen von ihrem Widerspruchsrecht Gebrauch machen und der Verarbeitung ihrer personenbezogenen Daten zu jeder Zeit widersprechen.<\/span><\/p>\n<p><span style=\"color: #000000;\"><!-- \/wp:paragraph --><\/span><\/p>\n<p><span style=\"color: #000000;\"><!-- wp:paragraph -->Wenn Sie eine Berichtigung, Sperrung, L\u00f6schung oder Auskunft \u00fcber die zu Ihrer Person gespeicherten personenbezogenen Daten w\u00fcnschen oder Fragen bzgl. der Erhebung, Verarbeitung oder Verwendung Ihrer personenbezogenen Daten haben oder erteilte Einwilligungen widerrufen m\u00f6chten, wenden Sie sich bitte an folgende E-Mail-Adresse: <span style=\"color: #0000ff;\"><a style=\"color: #0000ff;\" href=\"mailto:info@praxis-khater.de\">info@praxis-khater.de<\/a><\/span><\/span><\/p>\n<p><span style=\"color: #000000;\"><!-- \/wp:paragraph --><\/span><\/p>\n<p>&nbsp;<\/p>\n<p>[\/vc_column_text][\/vc_column][\/vc_row]<\/p>\n<\/div>","protected":false},"excerpt":{"rendered":"[vc_row pix_particles_check=&#8221;&#8221;][vc_column][vc_column_text] Datenschutzerkl\u00e4rung Datenschutz Die Betreiber dieser Seiten nehmen den Schutz Ihrer pers\u00f6nlichen Daten sehr ernst. Wir behandeln Ihre personenbezogenen Daten vertraulich und entsprechend der gesetzlichen Datenschutzvorschriften sowie dieser Datenschutzerkl\u00e4rung. Die Nutzung unserer Webseite ist in der Regel ohne Angabe&#8230;","protected":false},"author":2,"featured_media":0,"parent":0,"menu_order":0,"comment_status":"closed","ping_status":"closed","template":"","meta":{"footnotes":""},"class_list":["post-3596","page","type-page","status-publish","hentry"],"_links":{"self":[{"href":"https:\/\/praxis-khater.de\/index.php?rest_route=\/wp\/v2\/pages\/3596","targetHints":{"allow":["GET"]}}],"collection":[{"href":"https:\/\/praxis-khater.de\/index.php?rest_route=\/wp\/v2\/pages"}],"about":[{"href":"https:\/\/praxis-khater.de\/index.php?rest_route=\/wp\/v2\/types\/page"}],"author":[{"embeddable":true,"href":"https:\/\/praxis-khater.de\/index.php?rest_route=\/wp\/v2\/users\/2"}],"replies":[{"embeddable":true,"href":"https:\/\/praxis-khater.de\/index.php?rest_route=%2Fwp%2Fv2%2Fcomments&post=3596"}],"version-history":[{"count":7,"href":"https:\/\/praxis-khater.de\/index.php?rest_route=\/wp\/v2\/pages\/3596\/revisions"}],"predecessor-version":[{"id":3603,"href":"https:\/\/praxis-khater.de\/index.php?rest_route=\/wp\/v2\/pages\/3596\/revisions\/3603"}],"wp:attachment":[{"href":"https:\/\/praxis-khater.de\/index.php?rest_route=%2Fwp%2Fv2%2Fmedia&parent=3596"}],"curies":[{"name":"wp","href":"https:\/\/api.w.org\/{rel}","templated":true}]}}